{"id":952,"date":"2024-05-31T17:59:47","date_gmt":"2024-05-31T17:59:47","guid":{"rendered":"https:\/\/culturaleventsandfestival.com\/?page_id=952"},"modified":"2025-03-11T13:32:31","modified_gmt":"2025-03-11T18:32:31","slug":"acerca-de-salvador-gomez-gochez","status":"publish","type":"page","link":"https:\/\/culturaleventsandfestival.com\/en\/acerca-de-salvador-gomez-gochez\/","title":{"rendered":"About Salvador Gomez Gomez"},"content":{"rendered":"<div data-elementor-type=\"wp-page\" data-elementor-id=\"952\" class=\"elementor elementor-952\" data-elementor-post-type=\"page\">\n\t\t\t\t\t\t<section class=\"elementor-section elementor-top-section elementor-element elementor-element-666d666 elementor-section-height-min-height elementor-section-boxed elementor-section-height-default elementor-section-items-middle\" data-id=\"666d666\" data-element_type=\"section\" data-settings=\"{&quot;background_background&quot;:&quot;classic&quot;}\">\n\t\t\t\t\t\t\t<div class=\"elementor-background-overlay\"><\/div>\n\t\t\t\t\t\t\t<div class=\"elementor-container elementor-column-gap-default\">\n\t\t\t\t\t<div class=\"elementor-column elementor-col-100 elementor-top-column elementor-element elementor-element-5490e05\" data-id=\"5490e05\" data-element_type=\"column\">\n\t\t\t<div class=\"elementor-widget-wrap elementor-element-populated\">\n\t\t\t\t\t\t<div class=\"elementor-element elementor-element-e609c24 no-margin elementor-widget elementor-widget-heading\" data-id=\"e609c24\" data-element_type=\"widget\" data-widget_type=\"heading.default\">\n\t\t\t\t<div class=\"elementor-widget-container\">\n\t\t\t\t\t<p class=\"elementor-heading-title elementor-size-default\">Cultural Events &amp; Festival\n<\/p>\t\t\t\t<\/div>\n\t\t\t\t<\/div>\n\t\t\t\t<div class=\"elementor-element elementor-element-f347172 elementor-widget elementor-widget-heading\" data-id=\"f347172\" data-element_type=\"widget\" data-widget_type=\"heading.default\">\n\t\t\t\t<div class=\"elementor-widget-container\">\n\t\t\t\t\t<h2 class=\"elementor-heading-title elementor-size-default\">About Salvador <br>Gomez Gomez<\/h2>\t\t\t\t<\/div>\n\t\t\t\t<\/div>\n\t\t\t\t\t<\/div>\n\t\t<\/div>\n\t\t\t\t\t<\/div>\n\t\t<\/section>\n\t\t\t\t<section class=\"elementor-section elementor-top-section elementor-element elementor-element-c8cc66c elementor-section-content-middle elementor-reverse-tablet elementor-reverse-mobile elementor-section-boxed elementor-section-height-default elementor-section-height-default\" data-id=\"c8cc66c\" data-element_type=\"section\" data-settings=\"{&quot;background_background&quot;:&quot;classic&quot;}\">\n\t\t\t\t\t\t<div class=\"elementor-container elementor-column-gap-default\">\n\t\t\t\t\t<div class=\"elementor-column elementor-col-50 elementor-top-column elementor-element elementor-element-05ab41a\" data-id=\"05ab41a\" data-element_type=\"column\">\n\t\t\t<div class=\"elementor-widget-wrap elementor-element-populated\">\n\t\t\t\t\t\t<div class=\"elementor-element elementor-element-5bbceb0 no-margin elementor-widget elementor-widget-heading\" data-id=\"5bbceb0\" data-element_type=\"widget\" data-widget_type=\"heading.default\">\n\t\t\t\t<div class=\"elementor-widget-container\">\n\t\t\t\t\t<p class=\"elementor-heading-title elementor-size-default\">Cultural Events &amp; Festival\n<\/p>\t\t\t\t<\/div>\n\t\t\t\t<\/div>\n\t\t\t\t<div class=\"elementor-element elementor-element-f98781a elementor-widget elementor-widget-heading\" data-id=\"f98781a\" data-element_type=\"widget\" data-widget_type=\"heading.default\">\n\t\t\t\t<div class=\"elementor-widget-container\">\n\t\t\t\t\t<h2 class=\"elementor-heading-title elementor-size-default\">Salvador Gomez Gomez\n<\/h2>\t\t\t\t<\/div>\n\t\t\t\t<\/div>\n\t\t\t\t<div class=\"elementor-element elementor-element-de5f477 elementor-widget elementor-widget-text-editor\" data-id=\"de5f477\" data-element_type=\"widget\" data-widget_type=\"text-editor.default\">\n\t\t\t\t<div class=\"elementor-widget-container\">\n\t\t\t\t\t\t\t\t\t<p>Established in 1999 by Salvador G\u00f3mez G\u00f3chez during his tenure as President of the Salvadoran American National Association (SANA) in Los Angeles, our journey began with the vision to celebrate and honor Salvadoran heritage.<\/p><p>Es reconocido principalmente por fundar y crear \u00abEl D\u00eda del Salvadore\u00f1o\u00bb en Estados Unidos en 1999. Este d\u00eda tambi\u00e9n se conmemora al Santo Patr\u00f3n de El Salvador, El Salvador del Mundo.<\/p>\t\t\t\t\t\t\t\t<\/div>\n\t\t\t\t<\/div>\n\t\t\t\t\t<\/div>\n\t\t<\/div>\n\t\t\t\t<div class=\"elementor-column elementor-col-50 elementor-top-column elementor-element elementor-element-1cef22f\" data-id=\"1cef22f\" data-element_type=\"column\">\n\t\t\t<div class=\"elementor-widget-wrap elementor-element-populated\">\n\t\t\t\t\t\t<section class=\"elementor-section elementor-inner-section elementor-element elementor-element-330a22a elementor-section-boxed elementor-section-height-default elementor-section-height-default\" data-id=\"330a22a\" data-element_type=\"section\">\n\t\t\t\t\t\t<div class=\"elementor-container elementor-column-gap-default\">\n\t\t\t\t\t<div class=\"elementor-column elementor-col-100 elementor-inner-column elementor-element elementor-element-32e0cf3\" data-id=\"32e0cf3\" data-element_type=\"column\">\n\t\t\t<div class=\"elementor-widget-wrap elementor-element-populated\">\n\t\t\t\t\t\t<div class=\"elementor-element elementor-element-291c3a3 e-transform elementor-widget elementor-widget-image\" data-id=\"291c3a3\" data-element_type=\"widget\" data-settings=\"{&quot;_transform_scale_effect_hover&quot;:{&quot;unit&quot;:&quot;px&quot;,&quot;size&quot;:1.03,&quot;sizes&quot;:[]},&quot;_transform_scale_effect_hover_tablet&quot;:{&quot;unit&quot;:&quot;px&quot;,&quot;size&quot;:&quot;&quot;,&quot;sizes&quot;:[]},&quot;_transform_scale_effect_hover_mobile&quot;:{&quot;unit&quot;:&quot;px&quot;,&quot;size&quot;:&quot;&quot;,&quot;sizes&quot;:[]}}\" data-widget_type=\"image.default\">\n\t\t\t\t<div class=\"elementor-widget-container\">\n\t\t\t\t\t\t\t\t\t\t\t\t\t\t\t<img fetchpriority=\"high\" decoding=\"async\" width=\"2249\" height=\"1500\" src=\"https:\/\/culturaleventsandfestival.com\/wp-content\/uploads\/2024\/05\/Salvador-Gomez-Gochez-1.jpg\" class=\"attachment-full size-full wp-image-1028\" alt=\"Salvador Gomez Gochez\" srcset=\"https:\/\/culturaleventsandfestival.com\/wp-content\/uploads\/2024\/05\/Salvador-Gomez-Gochez-1.jpg 2249w, https:\/\/culturaleventsandfestival.com\/wp-content\/uploads\/2024\/05\/Salvador-Gomez-Gochez-1-300x200.jpg 300w, https:\/\/culturaleventsandfestival.com\/wp-content\/uploads\/2024\/05\/Salvador-Gomez-Gochez-1-1024x683.jpg 1024w, https:\/\/culturaleventsandfestival.com\/wp-content\/uploads\/2024\/05\/Salvador-Gomez-Gochez-1-768x512.jpg 768w, https:\/\/culturaleventsandfestival.com\/wp-content\/uploads\/2024\/05\/Salvador-Gomez-Gochez-1-1536x1024.jpg 1536w, https:\/\/culturaleventsandfestival.com\/wp-content\/uploads\/2024\/05\/Salvador-Gomez-Gochez-1-2048x1366.jpg 2048w\" sizes=\"(max-width: 2249px) 100vw, 2249px\" \/>\t\t\t\t\t\t\t\t\t\t\t\t\t\t\t<\/div>\n\t\t\t\t<\/div>\n\t\t\t\t<div class=\"elementor-element elementor-element-43c0783 no-margin elementor-widget elementor-widget-heading\" data-id=\"43c0783\" data-element_type=\"widget\" data-widget_type=\"heading.default\">\n\t\t\t\t<div class=\"elementor-widget-container\">\n\t\t\t\t\t<p class=\"elementor-heading-title elementor-size-default\">SALVADOR GOMEZ GOCHEZ<\/p>\t\t\t\t<\/div>\n\t\t\t\t<\/div>\n\t\t\t\t<div class=\"elementor-element elementor-element-0f14293 no-margin elementor-widget elementor-widget-heading\" data-id=\"0f14293\" data-element_type=\"widget\" data-widget_type=\"heading.default\">\n\t\t\t\t<div class=\"elementor-widget-container\">\n\t\t\t\t\t<p class=\"elementor-heading-title elementor-size-default\">Founder of El Dia del Salvadore\u00f1o United States<\/p>\t\t\t\t<\/div>\n\t\t\t\t<\/div>\n\t\t\t\t\t<\/div>\n\t\t<\/div>\n\t\t\t\t\t<\/div>\n\t\t<\/section>\n\t\t\t\t\t<\/div>\n\t\t<\/div>\n\t\t\t\t\t<\/div>\n\t\t<\/section>\n\t\t\t\t<section class=\"elementor-section elementor-top-section elementor-element elementor-element-20202af elementor-section-content-middle elementor-reverse-tablet elementor-reverse-mobile elementor-section-boxed elementor-section-height-default elementor-section-height-default\" data-id=\"20202af\" data-element_type=\"section\" data-settings=\"{&quot;background_background&quot;:&quot;classic&quot;}\">\n\t\t\t\t\t\t<div class=\"elementor-container elementor-column-gap-default\">\n\t\t\t\t\t<div class=\"elementor-column elementor-col-100 elementor-top-column elementor-element elementor-element-db846fa\" data-id=\"db846fa\" data-element_type=\"column\">\n\t\t\t<div class=\"elementor-widget-wrap elementor-element-populated\">\n\t\t\t\t\t\t<div class=\"elementor-element elementor-element-0e172af elementor-widget elementor-widget-text-editor\" data-id=\"0e172af\" data-element_type=\"widget\" data-widget_type=\"text-editor.default\">\n\t\t\t\t<div class=\"elementor-widget-container\">\n\t\t\t\t\t\t\t\t\t<p>La celebraci\u00f3n se realiza cada 6 de agosto desde el a\u00f1o 2000 en Los \u00c1ngeles, en 2001 en el condado de California y en 2002 en el estado de California luego de que la Asamblea aprobara la iniciativa presentada. Sin embargo, no fue hasta julio de 2006 cuando la congresista dem\u00f3crata Hilda Sol\u00eds, de origen nicarag\u00fcense, present\u00f3 la moci\u00f3n a la C\u00e1mara de Representantes de Estados Unidos, quien aprob\u00f3 por unanimidad la resoluci\u00f3n HR-721, declarando el 6 de agosto como \u00abEl D\u00eda del Salvadore\u00f1o\u00bb. Como homenaje a la contribuci\u00f3n de la comunidad salvadore\u00f1a en los aspectos econ\u00f3micos, sociales, pol\u00edticos, culturales y otros de la naci\u00f3n.<\/p><p>Thanks to Salvador&#039;s important achievement, through multiple diplomatic, political, community and religious efforts, the Republic of El Salvador is the only country in the world with a special day designated for its migrant community in the United States. This celebration takes place in different cities in the United States, such as Los Angeles, Washington DC, San Francisco, New York, Boston and Dallas, Texas, among others.<\/p><p>Por su trayectoria profesional y trabajo comunitario comprometido en apoyo a los salvadore\u00f1os dentro y fuera de nuestras fronteras, Salvador G\u00f3mez G\u00f3chez ha recibido diversos reconocimientos, entre ellos ser nombrado \u00abCapit\u00e1n Mayor\u201d (Chief Captain) de la Celebraci\u00f3n Oficial de \u00abEl D\u00eda del Salvadore\u00f1o\u00bb en Los \u00c1ngeles, CA, EE. UU. en 2012. Cabe se\u00f1alar tambi\u00e9n que el Fundador Oficial, Salvador G\u00f3mez Gochez, es la \u00fanica persona autorizada para nombrar y designar a otras personas para celebrar el D\u00eda del Salvadore\u00f1o. En el a\u00f1o 2023, Salvador G\u00f3mez Gochez asigna oficialmente a la se\u00f1ora Evelyn Molina en la ciudad de Dallas y el Estado de Texas la encargada de celebrar a lo grande el D\u00eda del Salvadore\u00f1o.<\/p>\t\t\t\t\t\t\t\t<\/div>\n\t\t\t\t<\/div>\n\t\t\t\t\t<\/div>\n\t\t<\/div>\n\t\t\t\t\t<\/div>\n\t\t<\/section>\n\t\t\t\t<section class=\"elementor-section elementor-top-section elementor-element elementor-element-2d5f6df elementor-section-height-min-height elementor-section-boxed elementor-section-height-default elementor-section-items-middle\" data-id=\"2d5f6df\" data-element_type=\"section\" data-settings=\"{&quot;background_background&quot;:&quot;classic&quot;}\">\n\t\t\t\t\t\t\t<div class=\"elementor-background-overlay\"><\/div>\n\t\t\t\t\t\t\t<div class=\"elementor-container elementor-column-gap-default\">\n\t\t\t\t\t<div class=\"elementor-column elementor-col-100 elementor-top-column elementor-element elementor-element-37e5123\" data-id=\"37e5123\" data-element_type=\"column\">\n\t\t\t<div class=\"elementor-widget-wrap elementor-element-populated\">\n\t\t\t\t\t\t<div class=\"elementor-element elementor-element-a0165b4 elementor-widget elementor-widget-heading\" data-id=\"a0165b4\" data-element_type=\"widget\" data-widget_type=\"heading.default\">\n\t\t\t\t<div class=\"elementor-widget-container\">\n\t\t\t\t\t<h2 class=\"elementor-heading-title elementor-size-default\">Thank you for your participation in the Salvadoran Day Event in Dallas, TX.<\/h2>\t\t\t\t<\/div>\n\t\t\t\t<\/div>\n\t\t\t\t<div class=\"elementor-element elementor-element-51afef2 elementor-widget elementor-widget-text-editor\" data-id=\"51afef2\" data-element_type=\"widget\" data-widget_type=\"text-editor.default\">\n\t\t\t\t<div class=\"elementor-widget-container\">\n\t\t\t\t\t\t\t\t\t<p>With the help of our event sponsors, vendors and public admissions, we know we can make this an annual event that showcases the history, culture and beauty of El Salvador and Dallas TX as a great country.<\/p>\t\t\t\t\t\t\t\t<\/div>\n\t\t\t\t<\/div>\n\t\t\t\t<div class=\"elementor-element elementor-element-d30b259 elementor-align-center elementor-widget elementor-widget-button\" data-id=\"d30b259\" data-element_type=\"widget\" data-widget_type=\"button.default\">\n\t\t\t\t<div class=\"elementor-widget-container\">\n\t\t\t\t\t\t\t\t\t<div class=\"elementor-button-wrapper\">\n\t\t\t\t\t<a class=\"elementor-button elementor-button-link elementor-size-sm\" href=\"https:\/\/culturaleventsandfestival.com\/en\/contactenos\/\" target=\"_blank\">\n\t\t\t\t\t\t<span class=\"elementor-button-content-wrapper\">\n\t\t\t\t\t\t\t\t\t<span class=\"elementor-button-text\">Participate in Salvadoran Day in Dallas<\/span>\n\t\t\t\t\t<\/span>\n\t\t\t\t\t<\/a>\n\t\t\t\t<\/div>\n\t\t\t\t\t\t\t\t<\/div>\n\t\t\t\t<\/div>\n\t\t\t\t\t<\/div>\n\t\t<\/div>\n\t\t\t\t\t<\/div>\n\t\t<\/section>\n\t\t\t\t<\/div>","protected":false},"excerpt":{"rendered":"<p>Cultural Events &amp; Festival Acerca de Salvador G\u00f3mez Gochez Cultural Events &amp; Festival Salvador G\u00f3mez Gochez Establecido en 1999 por Salvador G\u00f3mez G\u00f3chez durante su mandato como Presidente de la Asociaci\u00f3n Nacional Salvadore\u00f1a Americana (SANA) en Los \u00c1ngeles, nuestro viaje comenz\u00f3 con la visi\u00f3n de celebrar y honrar la herencia salvadore\u00f1a Es reconocido principalmente por [&hellip;]<\/p>\n","protected":false},"author":1,"featured_media":0,"parent":0,"menu_order":0,"comment_status":"closed","ping_status":"closed","template":"","meta":{"om_disable_all_campaigns":false,"footnotes":""},"class_list":["post-952","page","type-page","status-publish","hentry","entry"],"_links":{"self":[{"href":"https:\/\/culturaleventsandfestival.com\/en\/wp-json\/wp\/v2\/pages\/952","targetHints":{"allow":["GET"]}}],"collection":[{"href":"https:\/\/culturaleventsandfestival.com\/en\/wp-json\/wp\/v2\/pages"}],"about":[{"href":"https:\/\/culturaleventsandfestival.com\/en\/wp-json\/wp\/v2\/types\/page"}],"author":[{"embeddable":true,"href":"https:\/\/culturaleventsandfestival.com\/en\/wp-json\/wp\/v2\/users\/1"}],"replies":[{"embeddable":true,"href":"https:\/\/culturaleventsandfestival.com\/en\/wp-json\/wp\/v2\/comments?post=952"}],"version-history":[{"count":5,"href":"https:\/\/culturaleventsandfestival.com\/en\/wp-json\/wp\/v2\/pages\/952\/revisions"}],"predecessor-version":[{"id":2131,"href":"https:\/\/culturaleventsandfestival.com\/en\/wp-json\/wp\/v2\/pages\/952\/revisions\/2131"}],"wp:attachment":[{"href":"https:\/\/culturaleventsandfestival.com\/en\/wp-json\/wp\/v2\/media?parent=952"}],"curies":[{"name":"wp","href":"https:\/\/api.w.org\/{rel}","templated":true}]}}