{"id":2793,"date":"2025-03-31T15:30:37","date_gmt":"2025-03-31T20:30:37","guid":{"rendered":"https:\/\/culturaleventsandfestival.com\/?page_id=2793"},"modified":"2025-03-31T16:02:18","modified_gmt":"2025-03-31T21:02:18","slug":"el-dia-del-salvadoreno-2024","status":"publish","type":"page","link":"https:\/\/culturaleventsandfestival.com\/en\/el-dia-del-salvadoreno-2024\/","title":{"rendered":"Salvadoran Day 2024"},"content":{"rendered":"<div data-elementor-type=\"wp-page\" data-elementor-id=\"2793\" class=\"elementor elementor-2793\" data-elementor-post-type=\"page\">\n\t\t\t\t<div class=\"elementor-element elementor-element-bcf75eb e-con-full e-flex e-con e-parent\" data-id=\"bcf75eb\" data-element_type=\"container\">\n\t\t\t\t<div class=\"elementor-element elementor-element-b062d55 elementor-widget elementor-widget-video\" data-id=\"b062d55\" data-element_type=\"widget\" data-settings=\"{&quot;youtube_url&quot;:&quot;https:\\\/\\\/www.youtube.com\\\/watch?v=zW7Sg7qkJOw&quot;,&quot;start&quot;:135,&quot;end&quot;:151,&quot;autoplay&quot;:&quot;yes&quot;,&quot;play_on_mobile&quot;:&quot;yes&quot;,&quot;loop&quot;:&quot;yes&quot;,&quot;lazy_load&quot;:&quot;yes&quot;,&quot;video_type&quot;:&quot;youtube&quot;,&quot;controls&quot;:&quot;yes&quot;}\" data-widget_type=\"video.default\">\n\t\t\t\t<div class=\"elementor-widget-container\">\n\t\t\t\t\t\t\t<div class=\"elementor-wrapper elementor-open-inline\">\n\t\t\t<div class=\"elementor-video\"><\/div>\t\t<\/div>\n\t\t\t\t\t\t<\/div>\n\t\t\t\t<\/div>\n\t\t\t\t<\/div>\n\t\t\t\t<section class=\"elementor-section elementor-top-section elementor-element elementor-element-e9431c9 elementor-section-boxed elementor-section-height-default elementor-section-height-default\" data-id=\"e9431c9\" data-element_type=\"section\" data-settings=\"{&quot;background_background&quot;:&quot;classic&quot;}\">\n\t\t\t\t\t\t<div class=\"elementor-container elementor-column-gap-default\">\n\t\t\t\t\t<div class=\"elementor-column elementor-col-100 elementor-top-column elementor-element elementor-element-f7cb0ed\" data-id=\"f7cb0ed\" data-element_type=\"column\">\n\t\t\t<div class=\"elementor-widget-wrap elementor-element-populated\">\n\t\t\t\t\t\t<div class=\"elementor-element elementor-element-419066b no-margin elementor-widget elementor-widget-heading\" data-id=\"419066b\" data-element_type=\"widget\" data-widget_type=\"heading.default\">\n\t\t\t\t<div class=\"elementor-widget-container\">\n\t\t\t\t\t<p class=\"elementor-heading-title elementor-size-default\">Cultural Events &amp; Festival\n<\/p>\t\t\t\t<\/div>\n\t\t\t\t<\/div>\n\t\t\t\t<div class=\"elementor-element elementor-element-5728a3c elementor-widget elementor-widget-heading\" data-id=\"5728a3c\" data-element_type=\"widget\" data-widget_type=\"heading.default\">\n\t\t\t\t<div class=\"elementor-widget-container\">\n\t\t\t\t\t<h2 class=\"elementor-heading-title elementor-size-default\">Event Gallery<\/h2>\t\t\t\t<\/div>\n\t\t\t\t<\/div>\n\t\t<div class=\"elementor-element elementor-element-fc6ca76 e-grid e-con-boxed e-con e-parent\" data-id=\"fc6ca76\" data-element_type=\"container\">\n\t\t\t\t\t<div class=\"e-con-inner\">\n\t\t\t\t<div class=\"elementor-element elementor-element-c38c7ca elementor-widget elementor-widget-video\" data-id=\"c38c7ca\" data-element_type=\"widget\" data-settings=\"{&quot;video_type&quot;:&quot;hosted&quot;,&quot;controls&quot;:&quot;yes&quot;}\" data-widget_type=\"video.default\">\n\t\t\t\t<div class=\"elementor-widget-container\">\n\t\t\t\t\t\t\t<div class=\"e-hosted-video elementor-wrapper elementor-open-inline\">\n\t\t\t\t\t<video class=\"elementor-video\" src=\"https:\/\/culturaleventsandfestival.com\/wp-content\/uploads\/2025\/03\/IMG_9875-1.mp4\" controls=\"\" preload=\"metadata\" controlslist=\"nodownload\"><\/video>\n\t\t\t\t<\/div>\n\t\t\t\t\t\t<\/div>\n\t\t\t\t<\/div>\n\t\t\t\t<div class=\"elementor-element elementor-element-2d15422 elementor-widget elementor-widget-video\" data-id=\"2d15422\" data-element_type=\"widget\" data-settings=\"{&quot;video_type&quot;:&quot;hosted&quot;,&quot;controls&quot;:&quot;yes&quot;}\" data-widget_type=\"video.default\">\n\t\t\t\t<div class=\"elementor-widget-container\">\n\t\t\t\t\t\t\t<div class=\"e-hosted-video elementor-wrapper elementor-open-inline\">\n\t\t\t\t\t<video class=\"elementor-video\" src=\"https:\/\/culturaleventsandfestival.com\/wp-content\/uploads\/2025\/03\/IMG_9878-1.mp4\" controls=\"\" preload=\"metadata\" controlslist=\"nodownload\"><\/video>\n\t\t\t\t<\/div>\n\t\t\t\t\t\t<\/div>\n\t\t\t\t<\/div>\n\t\t\t\t\t<\/div>\n\t\t\t\t<\/div>\n\t\t\t\t<div class=\"elementor-element elementor-element-15453c0 elementor-widget elementor-widget-gallery\" data-id=\"15453c0\" data-element_type=\"widget\" data-settings=\"{&quot;columns&quot;:5,&quot;gap&quot;:{&quot;unit&quot;:&quot;px&quot;,&quot;size&quot;:28,&quot;sizes&quot;:[]},&quot;gallery_layout&quot;:&quot;masonry&quot;,&quot;lazyload&quot;:&quot;yes&quot;,&quot;columns_tablet&quot;:2,&quot;columns_mobile&quot;:1,&quot;gap_tablet&quot;:{&quot;unit&quot;:&quot;px&quot;,&quot;size&quot;:10,&quot;sizes&quot;:[]},&quot;gap_mobile&quot;:{&quot;unit&quot;:&quot;px&quot;,&quot;size&quot;:10,&quot;sizes&quot;:[]},&quot;link_to&quot;:&quot;file&quot;,&quot;overlay_background&quot;:&quot;yes&quot;,&quot;content_hover_animation&quot;:&quot;fade-in&quot;}\" data-widget_type=\"gallery.default\">\n\t\t\t\t<div class=\"elementor-widget-container\">\n\t\t\t\t\t\t\t<div class=\"elementor-gallery__container\">\n\t\t\t\t\t\t\t<a class=\"e-gallery-item elementor-gallery-item elementor-animated-content\" href=\"https:\/\/culturaleventsandfestival.com\/wp-content\/uploads\/2025\/03\/IMG_9872-2-scaled.jpg\" data-elementor-open-lightbox=\"yes\" data-elementor-lightbox-slideshow=\"15453c0\" data-elementor-lightbox-title=\"IMG_9872 2\" data-e-action-hash=\"#elementor-action%3Aaction%3Dlightbox%26settings%3DeyJpZCI6Mjc5NSwidXJsIjoiaHR0cHM6XC9cL2N1bHR1cmFsZXZlbnRzYW5kZmVzdGl2YWwuY29tXC93cC1jb250ZW50XC91cGxvYWRzXC8yMDI1XC8wM1wvSU1HXzk4NzItMi1zY2FsZWQuanBnIiwic2xpZGVzaG93IjoiMTU0NTNjMCJ9\">\n\t\t\t\t\t<div class=\"e-gallery-image elementor-gallery-item__image\" data-thumbnail=\"https:\/\/culturaleventsandfestival.com\/wp-content\/uploads\/2025\/03\/IMG_9872-2-scaled.jpg\" data-width=\"1920\" data-height=\"2560\" aria-label=\"\" role=\"img\" ><\/div>\n\t\t\t\t\t\t\t\t\t\t\t<div class=\"elementor-gallery-item__overlay\"><\/div>\n\t\t\t\t\t\t\t\t\t\t\t\t\t\t<\/a>\n\t\t\t\t\t\t\t<a class=\"e-gallery-item elementor-gallery-item elementor-animated-content\" href=\"https:\/\/culturaleventsandfestival.com\/wp-content\/uploads\/2025\/03\/IMG_0199-scaled.jpg\" data-elementor-open-lightbox=\"yes\" data-elementor-lightbox-slideshow=\"15453c0\" data-elementor-lightbox-title=\"IMG_0199\" data-e-action-hash=\"#elementor-action%3Aaction%3Dlightbox%26settings%3DeyJpZCI6Mjc5NiwidXJsIjoiaHR0cHM6XC9cL2N1bHR1cmFsZXZlbnRzYW5kZmVzdGl2YWwuY29tXC93cC1jb250ZW50XC91cGxvYWRzXC8yMDI1XC8wM1wvSU1HXzAxOTktc2NhbGVkLmpwZyIsInNsaWRlc2hvdyI6IjE1NDUzYzAifQ%3D%3D\">\n\t\t\t\t\t<div class=\"e-gallery-image elementor-gallery-item__image\" data-thumbnail=\"https:\/\/culturaleventsandfestival.com\/wp-content\/uploads\/2025\/03\/IMG_0199-scaled.jpg\" data-width=\"2560\" data-height=\"1587\" aria-label=\"\" role=\"img\" ><\/div>\n\t\t\t\t\t\t\t\t\t\t\t<div class=\"elementor-gallery-item__overlay\"><\/div>\n\t\t\t\t\t\t\t\t\t\t\t\t\t\t<\/a>\n\t\t\t\t\t\t\t<a class=\"e-gallery-item elementor-gallery-item elementor-animated-content\" href=\"https:\/\/culturaleventsandfestival.com\/wp-content\/uploads\/2025\/03\/IMG_0186-2-scaled.jpg\" data-elementor-open-lightbox=\"yes\" data-elementor-lightbox-slideshow=\"15453c0\" data-elementor-lightbox-title=\"IMG_0186 2\" data-e-action-hash=\"#elementor-action%3Aaction%3Dlightbox%26settings%3DeyJpZCI6Mjc5OCwidXJsIjoiaHR0cHM6XC9cL2N1bHR1cmFsZXZlbnRzYW5kZmVzdGl2YWwuY29tXC93cC1jb250ZW50XC91cGxvYWRzXC8yMDI1XC8wM1wvSU1HXzAxODYtMi1zY2FsZWQuanBnIiwic2xpZGVzaG93IjoiMTU0NTNjMCJ9\">\n\t\t\t\t\t<div class=\"e-gallery-image elementor-gallery-item__image\" data-thumbnail=\"https:\/\/culturaleventsandfestival.com\/wp-content\/uploads\/2025\/03\/IMG_0186-2-scaled.jpg\" data-width=\"2560\" data-height=\"1440\" aria-label=\"\" role=\"img\" ><\/div>\n\t\t\t\t\t\t\t\t\t\t\t<div class=\"elementor-gallery-item__overlay\"><\/div>\n\t\t\t\t\t\t\t\t\t\t\t\t\t\t<\/a>\n\t\t\t\t\t\t\t<a class=\"e-gallery-item elementor-gallery-item elementor-animated-content\" href=\"https:\/\/culturaleventsandfestival.com\/wp-content\/uploads\/2025\/03\/IMG_0190-2-scaled.jpg\" data-elementor-open-lightbox=\"yes\" data-elementor-lightbox-slideshow=\"15453c0\" data-elementor-lightbox-title=\"IMG_0190 2\" data-e-action-hash=\"#elementor-action%3Aaction%3Dlightbox%26settings%3DeyJpZCI6Mjc5OSwidXJsIjoiaHR0cHM6XC9cL2N1bHR1cmFsZXZlbnRzYW5kZmVzdGl2YWwuY29tXC93cC1jb250ZW50XC91cGxvYWRzXC8yMDI1XC8wM1wvSU1HXzAxOTAtMi1zY2FsZWQuanBnIiwic2xpZGVzaG93IjoiMTU0NTNjMCJ9\">\n\t\t\t\t\t<div class=\"e-gallery-image elementor-gallery-item__image\" data-thumbnail=\"https:\/\/culturaleventsandfestival.com\/wp-content\/uploads\/2025\/03\/IMG_0190-2-scaled.jpg\" data-width=\"2560\" data-height=\"1849\" aria-label=\"\" role=\"img\" ><\/div>\n\t\t\t\t\t\t\t\t\t\t\t<div class=\"elementor-gallery-item__overlay\"><\/div>\n\t\t\t\t\t\t\t\t\t\t\t\t\t\t<\/a>\n\t\t\t\t\t\t\t<a class=\"e-gallery-item elementor-gallery-item elementor-animated-content\" href=\"https:\/\/culturaleventsandfestival.com\/wp-content\/uploads\/2025\/03\/IMG_0194-2-scaled.jpg\" data-elementor-open-lightbox=\"yes\" data-elementor-lightbox-slideshow=\"15453c0\" data-elementor-lightbox-title=\"IMG_0194 2\" data-e-action-hash=\"#elementor-action%3Aaction%3Dlightbox%26settings%3DeyJpZCI6MjgwMCwidXJsIjoiaHR0cHM6XC9cL2N1bHR1cmFsZXZlbnRzYW5kZmVzdGl2YWwuY29tXC93cC1jb250ZW50XC91cGxvYWRzXC8yMDI1XC8wM1wvSU1HXzAxOTQtMi1zY2FsZWQuanBnIiwic2xpZGVzaG93IjoiMTU0NTNjMCJ9\">\n\t\t\t\t\t<div class=\"e-gallery-image elementor-gallery-item__image\" data-thumbnail=\"https:\/\/culturaleventsandfestival.com\/wp-content\/uploads\/2025\/03\/IMG_0194-2-scaled.jpg\" data-width=\"2560\" data-height=\"1792\" aria-label=\"\" role=\"img\" ><\/div>\n\t\t\t\t\t\t\t\t\t\t\t<div class=\"elementor-gallery-item__overlay\"><\/div>\n\t\t\t\t\t\t\t\t\t\t\t\t\t\t<\/a>\n\t\t\t\t\t\t\t<a class=\"e-gallery-item elementor-gallery-item elementor-animated-content\" href=\"https:\/\/culturaleventsandfestival.com\/wp-content\/uploads\/2025\/03\/IMG_0193-scaled.jpg\" data-elementor-open-lightbox=\"yes\" data-elementor-lightbox-slideshow=\"15453c0\" data-elementor-lightbox-title=\"IMG_0193\" data-e-action-hash=\"#elementor-action%3Aaction%3Dlightbox%26settings%3DeyJpZCI6MjgwMSwidXJsIjoiaHR0cHM6XC9cL2N1bHR1cmFsZXZlbnRzYW5kZmVzdGl2YWwuY29tXC93cC1jb250ZW50XC91cGxvYWRzXC8yMDI1XC8wM1wvSU1HXzAxOTMtc2NhbGVkLmpwZyIsInNsaWRlc2hvdyI6IjE1NDUzYzAifQ%3D%3D\">\n\t\t\t\t\t<div class=\"e-gallery-image elementor-gallery-item__image\" data-thumbnail=\"https:\/\/culturaleventsandfestival.com\/wp-content\/uploads\/2025\/03\/IMG_0193-scaled.jpg\" data-width=\"2560\" data-height=\"1753\" aria-label=\"\" role=\"img\" ><\/div>\n\t\t\t\t\t\t\t\t\t\t\t<div class=\"elementor-gallery-item__overlay\"><\/div>\n\t\t\t\t\t\t\t\t\t\t\t\t\t\t<\/a>\n\t\t\t\t\t\t\t<a class=\"e-gallery-item elementor-gallery-item elementor-animated-content\" href=\"https:\/\/culturaleventsandfestival.com\/wp-content\/uploads\/2025\/03\/IMG_0211-scaled.jpg\" data-elementor-open-lightbox=\"yes\" data-elementor-lightbox-slideshow=\"15453c0\" data-elementor-lightbox-title=\"IMG_0211\" data-e-action-hash=\"#elementor-action%3Aaction%3Dlightbox%26settings%3DeyJpZCI6MjgwMiwidXJsIjoiaHR0cHM6XC9cL2N1bHR1cmFsZXZlbnRzYW5kZmVzdGl2YWwuY29tXC93cC1jb250ZW50XC91cGxvYWRzXC8yMDI1XC8wM1wvSU1HXzAyMTEtc2NhbGVkLmpwZyIsInNsaWRlc2hvdyI6IjE1NDUzYzAifQ%3D%3D\">\n\t\t\t\t\t<div class=\"e-gallery-image elementor-gallery-item__image\" data-thumbnail=\"https:\/\/culturaleventsandfestival.com\/wp-content\/uploads\/2025\/03\/IMG_0211-scaled.jpg\" data-width=\"1828\" data-height=\"2560\" aria-label=\"\" role=\"img\" ><\/div>\n\t\t\t\t\t\t\t\t\t\t\t<div class=\"elementor-gallery-item__overlay\"><\/div>\n\t\t\t\t\t\t\t\t\t\t\t\t\t\t<\/a>\n\t\t\t\t\t\t\t<a class=\"e-gallery-item elementor-gallery-item elementor-animated-content\" href=\"https:\/\/culturaleventsandfestival.com\/wp-content\/uploads\/2025\/03\/IMG_0208-2-scaled.jpg\" data-elementor-open-lightbox=\"yes\" data-elementor-lightbox-slideshow=\"15453c0\" data-elementor-lightbox-title=\"IMG_0208 2\" data-e-action-hash=\"#elementor-action%3Aaction%3Dlightbox%26settings%3DeyJpZCI6MjgwMywidXJsIjoiaHR0cHM6XC9cL2N1bHR1cmFsZXZlbnRzYW5kZmVzdGl2YWwuY29tXC93cC1jb250ZW50XC91cGxvYWRzXC8yMDI1XC8wM1wvSU1HXzAyMDgtMi1zY2FsZWQuanBnIiwic2xpZGVzaG93IjoiMTU0NTNjMCJ9\">\n\t\t\t\t\t<div class=\"e-gallery-image elementor-gallery-item__image\" data-thumbnail=\"https:\/\/culturaleventsandfestival.com\/wp-content\/uploads\/2025\/03\/IMG_0208-2-scaled.jpg\" data-width=\"2237\" data-height=\"2560\" aria-label=\"\" role=\"img\" ><\/div>\n\t\t\t\t\t\t\t\t\t\t\t<div class=\"elementor-gallery-item__overlay\"><\/div>\n\t\t\t\t\t\t\t\t\t\t\t\t\t\t<\/a>\n\t\t\t\t\t\t\t<a class=\"e-gallery-item elementor-gallery-item elementor-animated-content\" href=\"https:\/\/culturaleventsandfestival.com\/wp-content\/uploads\/2025\/03\/IMG_0206-2-scaled.jpg\" data-elementor-open-lightbox=\"yes\" data-elementor-lightbox-slideshow=\"15453c0\" data-elementor-lightbox-title=\"IMG_0206 2\" data-e-action-hash=\"#elementor-action%3Aaction%3Dlightbox%26settings%3DeyJpZCI6MjgwNCwidXJsIjoiaHR0cHM6XC9cL2N1bHR1cmFsZXZlbnRzYW5kZmVzdGl2YWwuY29tXC93cC1jb250ZW50XC91cGxvYWRzXC8yMDI1XC8wM1wvSU1HXzAyMDYtMi1zY2FsZWQuanBnIiwic2xpZGVzaG93IjoiMTU0NTNjMCJ9\">\n\t\t\t\t\t<div class=\"e-gallery-image elementor-gallery-item__image\" data-thumbnail=\"https:\/\/culturaleventsandfestival.com\/wp-content\/uploads\/2025\/03\/IMG_0206-2-scaled.jpg\" data-width=\"2560\" data-height=\"1614\" aria-label=\"\" role=\"img\" ><\/div>\n\t\t\t\t\t\t\t\t\t\t\t<div class=\"elementor-gallery-item__overlay\"><\/div>\n\t\t\t\t\t\t\t\t\t\t\t\t\t\t<\/a>\n\t\t\t\t\t\t\t<a class=\"e-gallery-item elementor-gallery-item elementor-animated-content\" href=\"https:\/\/culturaleventsandfestival.com\/wp-content\/uploads\/2025\/03\/IMG_0203-scaled.jpg\" data-elementor-open-lightbox=\"yes\" data-elementor-lightbox-slideshow=\"15453c0\" data-elementor-lightbox-title=\"IMG_0203\" data-e-action-hash=\"#elementor-action%3Aaction%3Dlightbox%26settings%3DeyJpZCI6MjgwNSwidXJsIjoiaHR0cHM6XC9cL2N1bHR1cmFsZXZlbnRzYW5kZmVzdGl2YWwuY29tXC93cC1jb250ZW50XC91cGxvYWRzXC8yMDI1XC8wM1wvSU1HXzAyMDMtc2NhbGVkLmpwZyIsInNsaWRlc2hvdyI6IjE1NDUzYzAifQ%3D%3D\">\n\t\t\t\t\t<div class=\"e-gallery-image elementor-gallery-item__image\" data-thumbnail=\"https:\/\/culturaleventsandfestival.com\/wp-content\/uploads\/2025\/03\/IMG_0203-scaled.jpg\" data-width=\"2560\" data-height=\"1739\" aria-label=\"\" role=\"img\" ><\/div>\n\t\t\t\t\t\t\t\t\t\t\t<div class=\"elementor-gallery-item__overlay\"><\/div>\n\t\t\t\t\t\t\t\t\t\t\t\t\t\t<\/a>\n\t\t\t\t\t\t\t<a class=\"e-gallery-item elementor-gallery-item elementor-animated-content\" href=\"https:\/\/culturaleventsandfestival.com\/wp-content\/uploads\/2025\/03\/IMG_0200-scaled.jpg\" data-elementor-open-lightbox=\"yes\" data-elementor-lightbox-slideshow=\"15453c0\" data-elementor-lightbox-title=\"IMG_0200\" data-e-action-hash=\"#elementor-action%3Aaction%3Dlightbox%26settings%3DeyJpZCI6MjgwNiwidXJsIjoiaHR0cHM6XC9cL2N1bHR1cmFsZXZlbnRzYW5kZmVzdGl2YWwuY29tXC93cC1jb250ZW50XC91cGxvYWRzXC8yMDI1XC8wM1wvSU1HXzAyMDAtc2NhbGVkLmpwZyIsInNsaWRlc2hvdyI6IjE1NDUzYzAifQ%3D%3D\">\n\t\t\t\t\t<div class=\"e-gallery-image elementor-gallery-item__image\" data-thumbnail=\"https:\/\/culturaleventsandfestival.com\/wp-content\/uploads\/2025\/03\/IMG_0200-scaled.jpg\" data-width=\"1934\" data-height=\"2560\" aria-label=\"\" role=\"img\" ><\/div>\n\t\t\t\t\t\t\t\t\t\t\t<div class=\"elementor-gallery-item__overlay\"><\/div>\n\t\t\t\t\t\t\t\t\t\t\t\t\t\t<\/a>\n\t\t\t\t\t\t\t<a class=\"e-gallery-item elementor-gallery-item elementor-animated-content\" href=\"https:\/\/culturaleventsandfestival.com\/wp-content\/uploads\/2025\/03\/IMG_0201-2-scaled.jpg\" data-elementor-open-lightbox=\"yes\" data-elementor-lightbox-slideshow=\"15453c0\" data-elementor-lightbox-title=\"IMG_0201 2\" data-e-action-hash=\"#elementor-action%3Aaction%3Dlightbox%26settings%3DeyJpZCI6MjgwNywidXJsIjoiaHR0cHM6XC9cL2N1bHR1cmFsZXZlbnRzYW5kZmVzdGl2YWwuY29tXC93cC1jb250ZW50XC91cGxvYWRzXC8yMDI1XC8wM1wvSU1HXzAyMDEtMi1zY2FsZWQuanBnIiwic2xpZGVzaG93IjoiMTU0NTNjMCJ9\">\n\t\t\t\t\t<div class=\"e-gallery-image elementor-gallery-item__image\" data-thumbnail=\"https:\/\/culturaleventsandfestival.com\/wp-content\/uploads\/2025\/03\/IMG_0201-2-scaled.jpg\" data-width=\"1893\" data-height=\"2560\" aria-label=\"\" role=\"img\" ><\/div>\n\t\t\t\t\t\t\t\t\t\t\t<div class=\"elementor-gallery-item__overlay\"><\/div>\n\t\t\t\t\t\t\t\t\t\t\t\t\t\t<\/a>\n\t\t\t\t\t<\/div>\n\t\t\t\t\t<\/div>\n\t\t\t\t<\/div>\n\t\t\t\t\t<\/div>\n\t\t<\/div>\n\t\t\t\t\t<\/div>\n\t\t<\/section>\n\t\t\t\t<section class=\"elementor-section elementor-top-section elementor-element elementor-element-02a2f5c elementor-section-height-min-height elementor-section-boxed elementor-section-height-default elementor-section-items-middle\" data-id=\"02a2f5c\" data-element_type=\"section\" data-settings=\"{&quot;background_background&quot;:&quot;classic&quot;}\">\n\t\t\t\t\t\t\t<div class=\"elementor-background-overlay\"><\/div>\n\t\t\t\t\t\t\t<div class=\"elementor-container elementor-column-gap-default\">\n\t\t\t\t\t<div class=\"elementor-column elementor-col-100 elementor-top-column elementor-element elementor-element-7cb575c\" data-id=\"7cb575c\" data-element_type=\"column\">\n\t\t\t<div class=\"elementor-widget-wrap elementor-element-populated\">\n\t\t\t\t\t\t<div class=\"elementor-element elementor-element-a03529e elementor-widget elementor-widget-heading\" data-id=\"a03529e\" data-element_type=\"widget\" data-widget_type=\"heading.default\">\n\t\t\t\t<div class=\"elementor-widget-container\">\n\t\t\t\t\t<h2 class=\"elementor-heading-title elementor-size-default\">Join the Celebration!<\/h2>\t\t\t\t<\/div>\n\t\t\t\t<\/div>\n\t\t\t\t<div class=\"elementor-element elementor-element-009f25c elementor-widget elementor-widget-text-editor\" data-id=\"009f25c\" data-element_type=\"widget\" data-widget_type=\"text-editor.default\">\n\t\t\t\t<div class=\"elementor-widget-container\">\n\t\t\t\t\t\t\t\t\t<p>Participate in our cultural events and be part of a vibrant community that celebrates diversity.<\/p>\t\t\t\t\t\t\t\t<\/div>\n\t\t\t\t<\/div>\n\t\t\t\t<div class=\"elementor-element elementor-element-69a9209 elementor-align-center elementor-widget elementor-widget-button\" data-id=\"69a9209\" data-element_type=\"widget\" data-widget_type=\"button.default\">\n\t\t\t\t<div class=\"elementor-widget-container\">\n\t\t\t\t\t\t\t\t\t<div class=\"elementor-button-wrapper\">\n\t\t\t\t\t<a class=\"elementor-button elementor-button-link elementor-size-sm\" href=\"https:\/\/culturaleventsandfestival.com\/en\/contactenos\/\" target=\"_blank\">\n\t\t\t\t\t\t<span class=\"elementor-button-content-wrapper\">\n\t\t\t\t\t\t\t\t\t<span class=\"elementor-button-text\">Send us a message<\/span>\n\t\t\t\t\t<\/span>\n\t\t\t\t\t<\/a>\n\t\t\t\t<\/div>\n\t\t\t\t\t\t\t\t<\/div>\n\t\t\t\t<\/div>\n\t\t\t\t\t<\/div>\n\t\t<\/div>\n\t\t\t\t\t<\/div>\n\t\t<\/section>\n\t\t\t\t<\/div>","protected":false},"excerpt":{"rendered":"<p>Cultural Events &amp; Festival Galer\u00eda del Evento https:\/\/culturaleventsandfestival.com\/wp-content\/uploads\/2025\/03\/IMG_9875-1.mp4https:\/\/culturaleventsandfestival.com\/wp-content\/uploads\/2025\/03\/IMG_9878-1.mp4 \u00a1\u00danete a la Celebraci\u00f3n! Participa en nuestros eventos culturales y s\u00e9 parte de una comunidad vibrante que celebra la diversidad. Env\u00edanos un Mensaje<\/p>","protected":false},"author":4,"featured_media":0,"parent":0,"menu_order":0,"comment_status":"closed","ping_status":"closed","template":"","meta":{"om_disable_all_campaigns":false,"footnotes":""},"class_list":["post-2793","page","type-page","status-publish","hentry","entry"],"_links":{"self":[{"href":"https:\/\/culturaleventsandfestival.com\/en\/wp-json\/wp\/v2\/pages\/2793","targetHints":{"allow":["GET"]}}],"collection":[{"href":"https:\/\/culturaleventsandfestival.com\/en\/wp-json\/wp\/v2\/pages"}],"about":[{"href":"https:\/\/culturaleventsandfestival.com\/en\/wp-json\/wp\/v2\/types\/page"}],"author":[{"embeddable":true,"href":"https:\/\/culturaleventsandfestival.com\/en\/wp-json\/wp\/v2\/users\/4"}],"replies":[{"embeddable":true,"href":"https:\/\/culturaleventsandfestival.com\/en\/wp-json\/wp\/v2\/comments?post=2793"}],"version-history":[{"count":5,"href":"https:\/\/culturaleventsandfestival.com\/en\/wp-json\/wp\/v2\/pages\/2793\/revisions"}],"predecessor-version":[{"id":2818,"href":"https:\/\/culturaleventsandfestival.com\/en\/wp-json\/wp\/v2\/pages\/2793\/revisions\/2818"}],"wp:attachment":[{"href":"https:\/\/culturaleventsandfestival.com\/en\/wp-json\/wp\/v2\/media?parent=2793"}],"curies":[{"name":"wp","href":"https:\/\/api.w.org\/{rel}","templated":true}]}}