{"id":2412,"date":"2025-03-17T11:41:01","date_gmt":"2025-03-17T16:41:01","guid":{"rendered":"https:\/\/culturaleventsandfestival.com\/?page_id=2412"},"modified":"2025-03-30T19:07:46","modified_gmt":"2025-03-31T00:07:46","slug":"proximos-eventos","status":"publish","type":"page","link":"https:\/\/culturaleventsandfestival.com\/en\/proximos-eventos\/","title":{"rendered":"Upcoming Events"},"content":{"rendered":"<div data-elementor-type=\"wp-page\" data-elementor-id=\"2412\" class=\"elementor elementor-2412\" data-elementor-post-type=\"page\">\n\t\t\t\t\t\t<section class=\"elementor-section elementor-top-section elementor-element elementor-element-386b624 elementor-section-height-min-height elementor-section-boxed elementor-section-height-default elementor-section-items-middle\" data-id=\"386b624\" data-element_type=\"section\" data-settings=\"{&quot;background_background&quot;:&quot;classic&quot;}\">\n\t\t\t\t\t\t\t<div class=\"elementor-background-overlay\"><\/div>\n\t\t\t\t\t\t\t<div class=\"elementor-container elementor-column-gap-default\">\n\t\t\t\t\t<div class=\"elementor-column elementor-col-100 elementor-top-column elementor-element elementor-element-789d235\" data-id=\"789d235\" data-element_type=\"column\">\n\t\t\t<div class=\"elementor-widget-wrap\">\n\t\t\t\t\t\t\t<\/div>\n\t\t<\/div>\n\t\t\t\t\t<\/div>\n\t\t<\/section>\n\t\t<div class=\"elementor-element elementor-element-a2f8107 e-flex e-con-boxed e-con e-parent\" data-id=\"a2f8107\" data-element_type=\"container\" data-settings=\"{&quot;background_background&quot;:&quot;classic&quot;}\">\n\t\t\t\t\t<div class=\"e-con-inner\">\n\t\t\t\t<div class=\"elementor-element elementor-element-c5cc8f7 elementor-widget elementor-widget-heading\" data-id=\"c5cc8f7\" data-element_type=\"widget\" data-widget_type=\"heading.default\">\n\t\t\t\t<div class=\"elementor-widget-container\">\n\t\t\t\t\t<h1 class=\"elementor-heading-title elementor-size-default\">Upcoming Events<\/h1>\t\t\t\t<\/div>\n\t\t\t\t<\/div>\n\t\t\t\t\t<\/div>\n\t\t\t\t<\/div>\n\t\t\t\t<section class=\"elementor-section elementor-top-section elementor-element elementor-element-7cae1b0 elementor-section-height-min-height elementor-section-boxed elementor-section-height-default elementor-section-items-middle\" data-id=\"7cae1b0\" data-element_type=\"section\" data-settings=\"{&quot;background_background&quot;:&quot;classic&quot;}\">\n\t\t\t\t\t\t\t<div class=\"elementor-background-overlay\"><\/div>\n\t\t\t\t\t\t\t<div class=\"elementor-container elementor-column-gap-default\">\n\t\t\t\t\t<div class=\"elementor-column elementor-col-100 elementor-top-column elementor-element elementor-element-cec14e7\" data-id=\"cec14e7\" data-element_type=\"column\">\n\t\t\t<div class=\"elementor-widget-wrap elementor-element-populated\">\n\t\t\t\t\t\t<div class=\"elementor-element elementor-element-65ef59a no-margin elementor-widget elementor-widget-heading\" data-id=\"65ef59a\" data-element_type=\"widget\" data-widget_type=\"heading.default\">\n\t\t\t\t<div class=\"elementor-widget-container\">\n\t\t\t\t\t<p class=\"elementor-heading-title elementor-size-default\">Cultural Events &amp; Festival\n<\/p>\t\t\t\t<\/div>\n\t\t\t\t<\/div>\n\t\t\t\t<div class=\"elementor-element elementor-element-61c0e99 elementor-widget elementor-widget-heading\" data-id=\"61c0e99\" data-element_type=\"widget\" data-widget_type=\"heading.default\">\n\t\t\t\t<div class=\"elementor-widget-container\">\n\t\t\t\t\t<h2 class=\"elementor-heading-title elementor-size-default\">Upcoming Events<\/h2>\t\t\t\t<\/div>\n\t\t\t\t<\/div>\n\t\t\t\t<div class=\"elementor-element elementor-element-210b5c4 elementor-widget elementor-widget-heading\" data-id=\"210b5c4\" data-element_type=\"widget\" data-widget_type=\"heading.default\">\n\t\t\t\t<div class=\"elementor-widget-container\">\n\t\t\t\t\t<p class=\"elementor-heading-title elementor-size-default\">Explore our upcoming cultural events and festivals that celebrate diversity and creativity. Join us to connect with people from all over the world.<\/p>\t\t\t\t<\/div>\n\t\t\t\t<\/div>\n\t\t\t\t<div class=\"elementor-element elementor-element-c0d4d70 elementor-widget__width-initial elementor-widget elementor-widget-image\" data-id=\"c0d4d70\" data-element_type=\"widget\" data-widget_type=\"image.default\">\n\t\t\t\t<div class=\"elementor-widget-container\">\n\t\t\t\t\t\t\t\t\t\t\t\t\t\t\t\t<a href=\"https:\/\/www.tickeri.com\/events\/xebxlu38mdvy\/el-dia-del-salvadoreno-2025\">\n\t\t\t\t\t\t\t<img fetchpriority=\"high\" decoding=\"async\" width=\"768\" height=\"768\" src=\"https:\/\/culturaleventsandfestival.com\/wp-content\/uploads\/2025\/03\/vr4abqmtt3kzwee85xcg-768x768.avif\" class=\"attachment-medium_large size-medium_large wp-image-2165\" alt=\"\" srcset=\"https:\/\/culturaleventsandfestival.com\/wp-content\/uploads\/2025\/03\/vr4abqmtt3kzwee85xcg-768x768.avif 768w, https:\/\/culturaleventsandfestival.com\/wp-content\/uploads\/2025\/03\/vr4abqmtt3kzwee85xcg-300x300.avif 300w, https:\/\/culturaleventsandfestival.com\/wp-content\/uploads\/2025\/03\/vr4abqmtt3kzwee85xcg-1024x1024.avif 1024w, https:\/\/culturaleventsandfestival.com\/wp-content\/uploads\/2025\/03\/vr4abqmtt3kzwee85xcg-150x150.avif 150w, https:\/\/culturaleventsandfestival.com\/wp-content\/uploads\/2025\/03\/vr4abqmtt3kzwee85xcg-12x12.avif 12w, https:\/\/culturaleventsandfestival.com\/wp-content\/uploads\/2025\/03\/vr4abqmtt3kzwee85xcg-600x600.avif 600w, https:\/\/culturaleventsandfestival.com\/wp-content\/uploads\/2025\/03\/vr4abqmtt3kzwee85xcg.avif 1080w\" sizes=\"(max-width: 768px) 100vw, 768px\" \/>\t\t\t\t\t\t\t\t<\/a>\n\t\t\t\t\t\t\t\t\t\t\t\t\t\t\t<\/div>\n\t\t\t\t<\/div>\n\t\t\t\t<section class=\"elementor-section elementor-inner-section elementor-element elementor-element-8a78a8d elementor-section-boxed elementor-section-height-default elementor-section-height-default\" data-id=\"8a78a8d\" data-element_type=\"section\">\n\t\t\t\t\t\t<div class=\"elementor-container elementor-column-gap-extended\">\n\t\t\t\t\t<div class=\"elementor-column elementor-col-50 elementor-inner-column elementor-element elementor-element-163bb6b\" data-id=\"163bb6b\" data-element_type=\"column\">\n\t\t\t<div class=\"elementor-widget-wrap elementor-element-populated\">\n\t\t\t\t\t\t<section class=\"elementor-section elementor-inner-section elementor-element elementor-element-360a4b5 elementor-section-boxed elementor-section-height-default elementor-section-height-default\" data-id=\"360a4b5\" data-element_type=\"section\">\n\t\t\t\t\t\t<div class=\"elementor-container elementor-column-gap-default\">\n\t\t\t\t\t<div class=\"elementor-column elementor-col-100 elementor-inner-column elementor-element elementor-element-f230ada\" data-id=\"f230ada\" data-element_type=\"column\">\n\t\t\t<div class=\"elementor-widget-wrap elementor-element-populated\">\n\t\t\t\t\t\t<div class=\"elementor-element elementor-element-fc043e7 e-transform elementor-widget elementor-widget-image\" data-id=\"fc043e7\" data-element_type=\"widget\" data-settings=\"{&quot;_transform_scale_effect_hover&quot;:{&quot;unit&quot;:&quot;px&quot;,&quot;size&quot;:1.03,&quot;sizes&quot;:[]},&quot;_transform_scale_effect_hover_tablet&quot;:{&quot;unit&quot;:&quot;px&quot;,&quot;size&quot;:&quot;&quot;,&quot;sizes&quot;:[]},&quot;_transform_scale_effect_hover_mobile&quot;:{&quot;unit&quot;:&quot;px&quot;,&quot;size&quot;:&quot;&quot;,&quot;sizes&quot;:[]}}\" data-widget_type=\"image.default\">\n\t\t\t\t<div class=\"elementor-widget-container\">\n\t\t\t\t\t\t\t\t\t\t\t\t\t\t\t<img decoding=\"async\" width=\"300\" height=\"157\" src=\"https:\/\/culturaleventsandfestival.com\/wp-content\/uploads\/2024\/10\/Ligia-La-del-Sombrero-Azul-300x157.png\" class=\"attachment-medium size-medium wp-image-1662\" alt=\"\" srcset=\"https:\/\/culturaleventsandfestival.com\/wp-content\/uploads\/2024\/10\/Ligia-La-del-Sombrero-Azul-300x157.png 300w, https:\/\/culturaleventsandfestival.com\/wp-content\/uploads\/2024\/10\/Ligia-La-del-Sombrero-Azul-18x9.png 18w, https:\/\/culturaleventsandfestival.com\/wp-content\/uploads\/2024\/10\/Ligia-La-del-Sombrero-Azul.png 479w\" sizes=\"(max-width: 300px) 100vw, 300px\" \/>\t\t\t\t\t\t\t\t\t\t\t\t\t\t\t<\/div>\n\t\t\t\t<\/div>\n\t\t\t\t<div class=\"elementor-element elementor-element-355fba2 no-margin elementor-widget elementor-widget-heading\" data-id=\"355fba2\" data-element_type=\"widget\" data-widget_type=\"heading.default\">\n\t\t\t\t<div class=\"elementor-widget-container\">\n\t\t\t\t\t<p class=\"elementor-heading-title elementor-size-default\">Ligia with the Blue Hat<\/p>\t\t\t\t<\/div>\n\t\t\t\t<\/div>\n\t\t\t\t\t<\/div>\n\t\t<\/div>\n\t\t\t\t\t<\/div>\n\t\t<\/section>\n\t\t\t\t\t<\/div>\n\t\t<\/div>\n\t\t\t\t<div class=\"elementor-column elementor-col-50 elementor-inner-column elementor-element elementor-element-d771f88\" data-id=\"d771f88\" data-element_type=\"column\">\n\t\t\t<div class=\"elementor-widget-wrap elementor-element-populated\">\n\t\t\t\t\t\t<section class=\"elementor-section elementor-inner-section elementor-element elementor-element-ca00825 elementor-section-boxed elementor-section-height-default elementor-section-height-default\" data-id=\"ca00825\" data-element_type=\"section\">\n\t\t\t\t\t\t<div class=\"elementor-container elementor-column-gap-default\">\n\t\t\t\t\t<div class=\"elementor-column elementor-col-100 elementor-inner-column elementor-element elementor-element-6f48f0e\" data-id=\"6f48f0e\" data-element_type=\"column\">\n\t\t\t<div class=\"elementor-widget-wrap elementor-element-populated\">\n\t\t\t\t\t\t<div class=\"elementor-element elementor-element-64b6498 e-transform elementor-widget elementor-widget-image\" data-id=\"64b6498\" data-element_type=\"widget\" data-settings=\"{&quot;_transform_scale_effect_hover&quot;:{&quot;unit&quot;:&quot;px&quot;,&quot;size&quot;:1.03,&quot;sizes&quot;:[]},&quot;_transform_scale_effect_hover_tablet&quot;:{&quot;unit&quot;:&quot;px&quot;,&quot;size&quot;:&quot;&quot;,&quot;sizes&quot;:[]},&quot;_transform_scale_effect_hover_mobile&quot;:{&quot;unit&quot;:&quot;px&quot;,&quot;size&quot;:&quot;&quot;,&quot;sizes&quot;:[]}}\" data-widget_type=\"image.default\">\n\t\t\t\t<div class=\"elementor-widget-container\">\n\t\t\t\t\t\t\t\t\t\t\t\t\t\t\t<img decoding=\"async\" width=\"150\" height=\"150\" src=\"https:\/\/culturaleventsandfestival.com\/wp-content\/uploads\/2024\/10\/Jhonny-Molina-y-Los-Sabaneros-de-Aniceto-Molina-150x150.png\" class=\"attachment-thumbnail size-thumbnail wp-image-1663\" alt=\"\" \/>\t\t\t\t\t\t\t\t\t\t\t\t\t\t\t<\/div>\n\t\t\t\t<\/div>\n\t\t\t\t<div class=\"elementor-element elementor-element-778ef8f no-margin elementor-widget elementor-widget-heading\" data-id=\"778ef8f\" data-element_type=\"widget\" data-widget_type=\"heading.default\">\n\t\t\t\t<div class=\"elementor-widget-container\">\n\t\t\t\t\t<p class=\"elementor-heading-title elementor-size-default\">Jhonny Molina and the Sabaneros by Aniceto Molina<\/p>\t\t\t\t<\/div>\n\t\t\t\t<\/div>\n\t\t\t\t\t<\/div>\n\t\t<\/div>\n\t\t\t\t\t<\/div>\n\t\t<\/section>\n\t\t\t\t\t<\/div>\n\t\t<\/div>\n\t\t\t\t\t<\/div>\n\t\t<\/section>\n\t\t\t\t\t<\/div>\n\t\t<\/div>\n\t\t\t\t\t<\/div>\n\t\t<\/section>\n\t\t<div class=\"elementor-element elementor-element-e3de049 e-con-full e-flex e-con e-parent\" data-id=\"e3de049\" data-element_type=\"container\">\n\t\t\t\t<div class=\"elementor-element elementor-element-41657a9 elementor-widget elementor-widget-html\" data-id=\"41657a9\" data-element_type=\"widget\" data-widget_type=\"html.default\">\n\t\t\t\t<div class=\"elementor-widget-container\">\n\t\t\t\t\t<iframe src=\"https:\/\/www.google.com\/maps\/embed?pb=!1m18!1m12!1m3!1d3351.375035260283!2d-96.9325866!3d32.8617953!2m3!1f0!2f0!3f0!3m2!1i1024!2i768!4f13.1!3m3!1m2!1s0x864e8397105fc9a5%3A0xc57a4b93a1187a43!2sLevy%20Event%20Plaza!5e0!3m2!1sen!2s!4v1722873529848!5m2!1sen!2s\" width=\"600\" height=\"450\" style=\"border:0;\" allowfullscreen=\"\" loading=\"lazy\" referrerpolicy=\"no-referrer-when-downgrade\"><\/iframe>\t\t\t\t<\/div>\n\t\t\t\t<\/div>\n\t\t\t\t<\/div>\n\t\t\t\t<\/div>","protected":false},"excerpt":{"rendered":"<p>Pr\u00f3ximos Eventos Cultural Events &amp; Festival Pr\u00f3ximos Eventos Explora nuestros pr\u00f3ximos eventos culturales y festivales que celebran la diversidad y la creatividad. \u00danete a nosotros para conectarte con personas de todo el mundo. Ligia La del Sombrero Azul Jhonny Molina y Los Sabaneros de Aniceto Molina<\/p>","protected":false},"author":4,"featured_media":0,"parent":0,"menu_order":0,"comment_status":"closed","ping_status":"closed","template":"","meta":{"om_disable_all_campaigns":false,"footnotes":""},"class_list":["post-2412","page","type-page","status-publish","hentry","entry"],"_links":{"self":[{"href":"https:\/\/culturaleventsandfestival.com\/en\/wp-json\/wp\/v2\/pages\/2412","targetHints":{"allow":["GET"]}}],"collection":[{"href":"https:\/\/culturaleventsandfestival.com\/en\/wp-json\/wp\/v2\/pages"}],"about":[{"href":"https:\/\/culturaleventsandfestival.com\/en\/wp-json\/wp\/v2\/types\/page"}],"author":[{"embeddable":true,"href":"https:\/\/culturaleventsandfestival.com\/en\/wp-json\/wp\/v2\/users\/4"}],"replies":[{"embeddable":true,"href":"https:\/\/culturaleventsandfestival.com\/en\/wp-json\/wp\/v2\/comments?post=2412"}],"version-history":[{"count":5,"href":"https:\/\/culturaleventsandfestival.com\/en\/wp-json\/wp\/v2\/pages\/2412\/revisions"}],"predecessor-version":[{"id":2702,"href":"https:\/\/culturaleventsandfestival.com\/en\/wp-json\/wp\/v2\/pages\/2412\/revisions\/2702"}],"wp:attachment":[{"href":"https:\/\/culturaleventsandfestival.com\/en\/wp-json\/wp\/v2\/media?parent=2412"}],"curies":[{"name":"wp","href":"https:\/\/api.w.org\/{rel}","templated":true}]}}